{"id":3054,"date":"2024-11-21T10:40:28","date_gmt":"2024-11-21T09:40:28","guid":{"rendered":"https:\/\/vitahome.es\/legal-notice\/"},"modified":"2024-11-26T09:46:09","modified_gmt":"2024-11-26T08:46:09","slug":"legal-notice","status":"publish","type":"page","link":"https:\/\/vitahomelanzarote.com\/en\/legal-notice\/","title":{"rendered":"Legal Notice"},"content":{"rendered":"\t\t<div data-elementor-type=\"wp-page\" data-elementor-id=\"3054\" class=\"elementor elementor-3054 elementor-2862\" data-elementor-post-type=\"page\">\n\t\t\t\t<div class=\"elementor-element elementor-element-1dd5d44 e-con-full hero-zoom e-flex e-con e-parent\" data-id=\"1dd5d44\" data-element_type=\"container\" data-settings=\"{&quot;background_background&quot;:&quot;classic&quot;}\">\n\t\t<div class=\"elementor-element elementor-element-dcbfd85 e-flex e-con-boxed e-con e-child\" data-id=\"dcbfd85\" data-element_type=\"container\">\n\t\t\t\t\t<div class=\"e-con-inner\">\n\t\t\t\t<div class=\"elementor-element elementor-element-9e7e92b elementor-widget__width-initial elementor-widget-mobile__width-inherit animated-fast elementor-invisible elementor-widget elementor-widget-heading\" data-id=\"9e7e92b\" data-element_type=\"widget\" data-settings=\"{&quot;_animation&quot;:&quot;fadeInUp&quot;,&quot;_animation_delay&quot;:250}\" data-widget_type=\"heading.default\">\n\t\t\t\t<div class=\"elementor-widget-container\">\n\t\t\t<span class=\"elementor-heading-title elementor-size-default\">Vita Home<\/span>\t\t<\/div>\n\t\t\t\t<\/div>\n\t\t\t\t<div class=\"elementor-element elementor-element-85a72f8 elementor-widget__width-initial elementor-widget-mobile__width-inherit animated-fast elementor-invisible elementor-widget elementor-widget-heading\" data-id=\"85a72f8\" data-element_type=\"widget\" data-settings=\"{&quot;_animation&quot;:&quot;fadeInUp&quot;,&quot;_animation_delay&quot;:500}\" data-widget_type=\"heading.default\">\n\t\t\t\t<div class=\"elementor-widget-container\">\n\t\t\t<h1 class=\"elementor-heading-title elementor-size-default\">Legal Notice<\/h1>\t\t<\/div>\n\t\t\t\t<\/div>\n\t\t\t\t\t<\/div>\n\t\t\t\t<\/div>\n\t\t\t\t<\/div>\n\t\t<div class=\"elementor-element elementor-element-906b5e4 e-flex e-con-boxed e-con e-parent\" data-id=\"906b5e4\" data-element_type=\"container\" data-settings=\"{&quot;background_background&quot;:&quot;classic&quot;}\">\n\t\t\t\t\t<div class=\"e-con-inner\">\n\t\t\t\t<div class=\"elementor-element elementor-element-2e1b211 c-margin-p elementor-widget elementor-widget-text-editor\" data-id=\"2e1b211\" data-element_type=\"widget\" data-widget_type=\"text-editor.default\">\n\t\t\t\t<div class=\"elementor-widget-container\">\n\t\t\t\t\t\t\t<ol>\n<li><strong>Identification of the owner of the website<\/strong><\/li>\n<\/ol>\n<p>In accordance with the provisions of the Law on Information Society Services, HORMIGONES Y CONSTRUCCIONES ARRECIFE S.L., owner of the website www.lascaletasvillage.com, informs you that its company name is HORMIGONES Y CONSTRUCCIONES ARRECIFE S.L., with registered address at Pol\u00edgono Industrial Hormiconsa in Arrecife de Lanzarote with NIF B35072875.<\/p>\n<p>To contact us, please write to inmobiliaria@hormicasa.es.<\/p>\n<ol start=\"2\">\n<li><strong>General conditions of use of the website<\/strong><\/li>\n<\/ol>\n<p>2.1. El acceso y uso de la p\u00e1gina web www.lascaletasvillage.com y todos los subdominios y directorios incluidos bajo la misma (en adelante conjuntamente denominados como web) est\u00e1n sujetos a los t\u00e9rminos que se detallan en el presente Aviso Legal. <\/p>\n<p>2.2. La finalidad de la web es facilitar a los clientes y \/ o visitantes informaci\u00f3n relativa a sus actividades corporativas y a los servicios que ofrece. <\/p>\n<p>With this web page, HORMIGONES Y CONSTRUCCIONES ARRECIFE S.L. intends to provide a useful service, and therefore the suggestions of the users are welcome. However, if you do not agree with any of the conditions contained in this notice, you must stop using the HORMIGONES Y CONSTRUCCIONES ARRECIFE S.L. website. Access to the website implies acceptance of these conditions without reservation. The use of certain services offered on this site shall also be governed by the specific conditions provided in each case, which shall be understood to be accepted by the mere use of such services.  <\/p>\n<p>2.3. A efectos del presente aviso legal se entiende por web, la informaci\u00f3n visualizada y\/o transmitida (incluyendo, a t\u00edtulo meramente enunciativo, textos, comentarios, im\u00e1genes, bases de datos, productos multimedia, fotograf\u00edas, interpretaciones o ejecuciones art\u00edsticas, producciones, y en general, aquellas otras creaciones o contenidos expresadas por cualquier medio y\/o soporte tangible o intangible, actualmente conocido o que se invente en el futuro, objeto o no, de protecci\u00f3n por el ordenamiento jur\u00eddico vigente en materia de propiedad intelectual, industrial o derechos an\u00e1logos colectivamente consideradas como el \u00abContenido\u00bb) que, por su selecci\u00f3n o disposici\u00f3n, constituye una creaci\u00f3n intelectual protegible de conformidad con el art\u00edculo 12 del Texto Refundido de la Ley de Propiedad Intelectual. <\/p>\n<p>2.4. Cualquier entrada, uso o navegaci\u00f3n de la presente web o de sus contenidos implicar\u00e1 la aceptaci\u00f3n de las presentes condiciones de uso. HORMIGONES Y CONSTRUCCIONES ARRECIFE S.L. podr\u00e1 modificar en cualquier momento las presentes condiciones de uso. HORMIGONES Y CONSTRUCCIONES ARRECIFE S.L. podr\u00e1 modificar esta p\u00e1gina web y sus contenidos en cualquier momento sin necesidad de preaviso y la actualizar\u00e1 regularmente.   <\/p>\n<p>2.5. El usuario acepta de forma expresa y sin excepciones que el acceso y la utilizaci\u00f3n del presente web y de los contenidos del mismo se hace bajo su \u00fanica y exclusiva responsabilidad frente a HORMIGONES Y CONSTRUCCIONES ARRECIFE S.L. y cualquier tercero. <\/p>\n<p>2.6. El acceso a esta web tiene car\u00e1cter libre, excepto las \u00e1reas de acceso restringido, y gratuito y su visualizaci\u00f3n y uso no requiere previa suscripci\u00f3n, registro o contrataci\u00f3n previa. <\/p>\n<p>2.7. El usuario se obliga a usar la web de forma diligente y correcta. Asimismo, el usuario se compromete a no utilizarla: (i) para la realizaci\u00f3n de actividades contrarias a la ley, a la moral, a las buenas costumbres aceptadas o al orden p\u00fablico establecido y (ii) con fines o efectos il\u00edcitos, prohibidos o lesivos de derechos e intereses de terceros, declinando HORMIGONES Y CONSTRUCCIONES ARRECIFE S.L. cualquier responsabilidad que de todo lo anterior se pudiera derivar.    <\/p>\n<p>2.8. HORMIGONES Y CONSTRUCCIONES ARRECIFE S.L. no se hace responsable de las opiniones expresadas por terceros a trav\u00e9s de las herramientas que a tal efecto dispone o disponga en el futuro en su web, ni se hace responsable del contenido de los sitios web enlazados a trav\u00e9s de dichas herramientas. <\/p>\n<p>2.9. HORMIGONES Y CONSTRUCCIONES ARRECIFE S.L. velar\u00e1 para que los contenidos de esta web no tengan car\u00e1cter pornogr\u00e1fico, xen\u00f3fobo, discriminatorio, racista o que fomenten la violencia. <\/p>\n<p>2.10. Queda prohibida la alteraci\u00f3n de esta web por parte del usuario en todo lo que pueda afectar a su contenido, tales como v\u00ednculos, links o similares. <\/p>\n<p>2.11. El usuario reconoce que HORMIGONES Y CONSTRUCCIONES ARRECIFE S.L. no cede ni transfiere al usuario ning\u00fan derecho sobre la web o el contenido, incluyendo, cualesquiera propiedades de terceras partes. HORMIGONES Y CONSTRUCCIONES ARRECIFE S.L. s\u00f3lo autoriza al usuario el acceso y uso de los mismos de conformidad con los t\u00e9rminos indicados en este aviso legal. En concreto, HORMIGONES Y CONSTRUCCIONES ARRECIFE S.L. autoriza a los usuarios a acceder y navegar en la web y a acceder a los Contenidos que en la misma se incorporen.   <\/p>\n<p>2.12. Los usuarios no estar\u00e1n autorizados para copiar, distribuir (incluyendo correos electr\u00f3nicos e internet), transmitir, comunicar, modificar, alterar, transformar, ceder o, en cualquier otra forma desplegar actividades que conlleven el uso comercial o il\u00edcito de la web o de los contenidos o elementos que lo integran, ya sea con car\u00e1cter parcial o total. <\/p>\n<p>2.13. La informaci\u00f3n que se difunde por este medio se hace \u00fanicamente a t\u00edtulo informativo, reserv\u00e1ndose HORMIGONES Y CONSTRUCCIONES ARRECIFE S.L. el derecho de eliminar o suspender su difusi\u00f3n, de manera total o parcial, y de modificar la estructura y contenido del portal sin aviso previo, pudiendo incluso limitar o no permitir el acceso a dicha informaci\u00f3n. El objetivo es mantener la calidad y actualizaci\u00f3n de esta informaci\u00f3n y evitar y minimizar posibles errores causados por fallos t\u00e9cnicos. No obstante, HORMIGONES Y CONSTRUCCIONES ARRECIFE S.L. no garantiza que este el acceso no pueda ser interrumpido o afectado por esos fallos. HORMIGONES Y CONSTRUCCIONES ARRECIFE S.L. se reserva la facultad de efectuar, en cualquier momento y sin necesidad de previo aviso, modificaciones y actualizaciones la informaci\u00f3n contenida en este sitio web o en la configuraci\u00f3n y presentaci\u00f3n del mismo.    <\/p>\n<ol start=\"3\">\n<li><strong>Links<\/strong><\/li>\n<\/ol>\n<p>3.1. La presente web puede contener v\u00ednculos o enlaces con otros portales o sitios web no gestionados por HORMIGONES Y CONSTRUCCIONES ARRECIFE S.L. y manifiesta que no ejerce control alguno sobre dichos portales o sitios web, ni es responsable del contenido de los mismos. Los links que esta web pudiera contener se ofrecer\u00e1n, \u00fanicamente, a modo de referencias informativas, cuya finalidad es facilitar el acceso a otros contenidos que se consideran de inter\u00e9s.  <\/p>\n<p>3.2. HORMIGONES Y CONSTRUCCIONES ARRECIFE S.L. no asume ning\u00fan tipo de responsabilidad directa ni indirecta en relaci\u00f3n con la licitud, veracidad, utilidad, calidad o fiabilidad de los contenidos que no est\u00e9n directamente gestionados o controlados por \u00e9stos, aunque puedan ser accesibles a trav\u00e9s de la web. <\/p>\n<ol start=\"4\">\n<li><strong>Intellectual and Industrial Property<\/strong><\/li>\n<\/ol>\n<p>4.1. HORMIGONES Y CONSTRUCCIONES ARRECIFE S.L. se reserva los derechos de propiedad Intelectual de la web en cuanto a aquellos elementos que conforman la apariencia visual, imagen gr\u00e1fica y otros est\u00edmulos sensoriales de las p\u00e1ginas web que conforman la Web; la arquitectura de navegaci\u00f3n; los c\u00f3digos fuente de las p\u00e1ginas web; fotograf\u00edas, grabaciones, , base de datos, tecnolog\u00eda, know-how, marcas, signos distintivos y logos. <\/p>\n<p>4.2. Los contenidos propios y las obras reproducidas en esta web propiedad de HORMIGONES Y CONSTRUCCIONES ARRECIFE S.L. est\u00e1n protegido por la normativa sobre propiedad intelectual. Queda prohibida su reproducci\u00f3n total o parcial excepto en los supuestos y con los l\u00edmites que expresamente se autoricen.  <\/p>\n<p>The use of all content on this website is subject to the following conditions:<br \/>(i) Only personal and non-commercial use of the content owned by HORMIGONES Y CONSTRUCCIONES ARRECIFE S.L. is authorised for informational purposes. Users must always acknowledge the author and source of the materials used for personal and educational use, with an explicit mention of the URL of this website. The use of this website and its content, as authorised here, is free of charge.<br \/>(ii) Users are expressly authorised to view the information and elements contained herein, and to download or privately reproduce them on their computer systems, unless otherwise indicated.<br \/>(iii) Users accessing this website are not authorised to assign, distribute, or disseminate, in whole or in part, any elements owned by HORMIGONES Y CONSTRUCCIONES ARRECIFE S.L. contained on this website, nor to send them by email for purposes other than those authorised in this legal notice, nor to modify or alter them in any way.<br \/>(iv) HORMIGONES Y CONSTRUCCIONES ARRECIFE S.L. will take the necessary material and legal measures to prevent unwanted content from being included on this website by third parties not related to HORMIGONES Y CONSTRUCCIONES ARRECIFE S.L. in violation of this legal notice and its authorised uses.<br \/>(v) HORMIGONES Y CONSTRUCCIONES ARRECIFE S.L. may deny access to this website to any user who posts unauthorised, illegal, or potentially illegal content and reserves the right to take the appropriate legal action, including its prior or subsequent removal, moderation, and\/or editing. HORMIGONES Y CONSTRUCCIONES ARRECIFE S.L. will cooperate with authorities in identifying those who may introduce or attempt to introduce such content.<br \/>(vi) HORMIGONES Y CONSTRUCCIONES ARRECIFE S.L. is solely responsible for the content of this website that originates from HORMIGONES Y CONSTRUCCIONES ARRECIFE S.L., and in no case for content that may have been introduced by unauthorised third parties.<br \/>(vii) HORMIGONES Y CONSTRUCCIONES ARRECIFE S.L. reserves the exclusive exercise of intellectual property rights over this website, in any of its forms, and in particular the rights of reproduction, distribution, public communication, and transformation, without prejudice to the rights that may belong to the authors of works reproduced on this page.          <\/p>\n<p>4.3. Respecto a las citas de productos y\/o servicios de terceros, HORMIGONES Y CONSTRUCCIONES ARRECIFE S.L. reconoce a favor de sus titulares los correspondientes derechos de propiedad industrial e intelectual, no implicando su sola menci\u00f3n o aparici\u00f3n en la Web la existencia de derechos ni de responsabilidad alguna sobre los mismos, como tampoco respaldo, patrocinio o recomendaci\u00f3n, a no ser que expresamente as\u00ed se especifique. <\/p>\n<p>4.4. El Usuario reconoce y acepta que en la web, los derechos se encuentran protegidos por la legislaci\u00f3n aplicable en materia de propiedad intelectual, industrial, derechos de explotaci\u00f3n del valor comercial y publicitario de la imagen y otros derechos an\u00e1logos. <\/p>\n<p>4.5. La utilizaci\u00f3n no autorizada de la informaci\u00f3n contenida en este sitio web, as\u00ed como la lesi\u00f3n de los derechos de Propiedad Intelectual o Industrial de HORMIGONES Y CONSTRUCCIONES ARRECIFE S.L., dar\u00e1 lugar a las responsabilidades legalmente establecidas. <\/p>\n<p>4.6. Corresponde a HORMIGONES Y CONSTRUCCIONES ARRECIFE S.L. el ejercicio exclusivo de los derechos de explotaci\u00f3n de los mismos en cualquier forma y, en especial, los derechos de reproducci\u00f3n, distribuci\u00f3n, comunicaci\u00f3n p\u00fablica (en cualquiera de sus modalidades) y transformaci\u00f3n de aquellos contenidos que sean de su propiedad. <\/p>\n<ol start=\"5\">\n<li><strong>Limitation of Liability<\/strong><\/li>\n<\/ol>\n<p>5.1. HORMIGONES Y CONSTRUCCIONES ARRECIFE S.L. no asume responsabilidad alguna derivada de la conexi\u00f3n o contenidos de los enlaces de terceros o\/y realizados por terceros a los que se hace referencia en la web. <\/p>\n<p>5.2. Tanto el acceso a esta web como el uso que pueda hacerse de la informaci\u00f3n contenida en el mismo es de la exclusiva responsabilidad de quien lo realiza. <\/p>\n<p>5.3. HORMIGONES Y CONSTRUCCIONES ARRECIFE S.L. no se hace responsable de los posibles errores de seguridad que se puedan producir ni de los posibles da\u00f1os que puedan causarse al sistema inform\u00e1tico del usuario (hardware y software), los ficheros o documentos almacenados en el mismo, como consecuencia de la presencia de virus en el ordenador del usuario utilizado para la conexi\u00f3n a los contenidos de la web, de un mal funcionamiento del navegador o del uso de versiones no actualizadas del mismo. HORMIGONES Y CONSTRUCCIONES ARRECIFE S.L. no garantiza la inexistencia de errores en el acceso a este Web, en su contenido, ni que \u00e9ste se encuentre actualizado, aunque desarrollar\u00e1 sus mejores esfuerzos para, en su caso, evitarlos, subsanarlos o actualizarlos.  <\/p>\n<p>5.4. HORMIGONES Y CONSTRUCCIONES ARRECIFE S.L. no se hace responsable de los da\u00f1os y\/o perjuicios de cualquier naturaleza que pudiera sufrir el usuario o un tercero derivados de: (i) la falta de disponibilidad, mantenimiento o efectivo funcionamiento de la web o de sus contenidos; (ii) de la falta de utilidad, veracidad, adecuaci\u00f3n o validez de la web o de sus contenidos para satisfacer las necesidades o expectativas del usuario; (iii) de que un tercero, quebrantando las medidas de seguridad establecidas, utilice la web, sus contenidos para la remisi\u00f3n de virus, o acceda a realizar un tratamiento no autorizado de los datos almacenados; (iv) ni, en general, de cualquier uso de la web y o contenidos que pudiera realizar el usuario o un tercero, en contra de las condiciones de acceso y uso de los mismos aqu\u00ed establecidas.     <\/p>\n<ol start=\"6\">\n<li><strong>Protection of personal data<\/strong><\/li>\n<\/ol>\n<p>The personal data linked to this website comply with the requirements of current legislation on the protection of personal data.<\/p>\n<p>HORMIGONES Y CONSTRUCCIONES ARRECIFE S.L. will treat the personal data collected through this website in compliance with current legislation on data protection. We ask you to carefully read our <u><strong><a href=\"https:\/\/vitahome.es\/en\/privacy-policy\/\">Privacy Policy.<\/a><\/strong><\/u> <\/p>\n<ol start=\"7\">\n<li><strong>Applicable law and jurisdiction<\/strong><\/li>\n<\/ol>\n<p>These General Terms and Conditions are governed by Spanish law.<\/p>\n<p>For the resolution of all controversies or questions related to this website or the activities carried out therein, HORMIGONES Y CONSTRUCCIONES ARRECIFE S.L. and the User, expressly waiving any other jurisdiction, accept Spanish law as the governing legislation for these conditions, and for the resolution of any controversies or disputes that may arise they agree to submit to the jurisdiction of the Courts and Tribunals.<\/p>\n\t\t\t\t\t\t<\/div>\n\t\t\t\t<\/div>\n\t\t\t\t\t<\/div>\n\t\t\t\t<\/div>\n\t\t\t\t<\/div>\n\t\t","protected":false},"excerpt":{"rendered":"<p>Vita Home Legal Notice Identification of the owner of the website In accordance with the provisions of the Law on Information Society Services, HORMIGONES Y CONSTRUCCIONES ARRECIFE S.L., owner of the website www.lascaletasvillage.com, informs you that its company name is HORMIGONES Y CONSTRUCCIONES ARRECIFE S.L., with registered address at Pol\u00edgono Industrial Hormiconsa in Arrecife de [&hellip;]<\/p>\n","protected":false},"author":1,"featured_media":3010,"parent":0,"menu_order":0,"comment_status":"closed","ping_status":"closed","template":"","meta":{"_acf_changed":false,"footnotes":""},"class_list":["post-3054","page","type-page","status-publish","has-post-thumbnail","hentry"],"acf":[],"yoast_head":"<!-- This site is optimized with the Yoast SEO plugin v23.9 - https:\/\/yoast.com\/wordpress\/plugins\/seo\/ -->\n<title>Legal Notice - Vita Home<\/title>\n<meta name=\"robots\" content=\"index, follow, max-snippet:-1, max-image-preview:large, max-video-preview:-1\" \/>\n<link rel=\"canonical\" href=\"https:\/\/vitahomelanzarote.com\/en\/legal-notice\/\" \/>\n<meta property=\"og:locale\" content=\"en_US\" \/>\n<meta property=\"og:type\" content=\"article\" \/>\n<meta property=\"og:title\" content=\"Legal Notice - Vita Home\" \/>\n<meta property=\"og:description\" content=\"Vita Home Legal Notice Identification of the owner of the website In accordance with the provisions of the Law on Information Society Services, HORMIGONES Y CONSTRUCCIONES ARRECIFE S.L., owner of the website www.lascaletasvillage.com, informs you that its company name is HORMIGONES Y CONSTRUCCIONES ARRECIFE S.L., with registered address at Pol\u00edgono Industrial Hormiconsa in Arrecife de [&hellip;]\" \/>\n<meta property=\"og:url\" content=\"https:\/\/vitahomelanzarote.com\/en\/legal-notice\/\" \/>\n<meta property=\"og:site_name\" content=\"Vita Home\" \/>\n<meta property=\"article:modified_time\" content=\"2024-11-26T08:46:09+00:00\" \/>\n<meta property=\"og:image\" content=\"https:\/\/vitahomelanzarote.com\/wp-content\/uploads\/2024\/10\/Favicon-Vitahome-512x512-1.png\" \/>\n\t<meta property=\"og:image:width\" content=\"512\" \/>\n\t<meta property=\"og:image:height\" content=\"512\" \/>\n\t<meta property=\"og:image:type\" content=\"image\/png\" \/>\n<meta name=\"twitter:card\" content=\"summary_large_image\" \/>\n<meta name=\"twitter:label1\" content=\"Est. reading time\" \/>\n\t<meta name=\"twitter:data1\" content=\"11 minutes\" \/>\n<script type=\"application\/ld+json\" class=\"yoast-schema-graph\">{\"@context\":\"https:\/\/schema.org\",\"@graph\":[{\"@type\":\"WebPage\",\"@id\":\"https:\/\/vitahomelanzarote.com\/en\/legal-notice\/\",\"url\":\"https:\/\/vitahomelanzarote.com\/en\/legal-notice\/\",\"name\":\"Legal Notice - Vita Home\",\"isPartOf\":{\"@id\":\"https:\/\/vitahomelanzarote.com\/en\/#website\"},\"primaryImageOfPage\":{\"@id\":\"https:\/\/vitahomelanzarote.com\/en\/legal-notice\/#primaryimage\"},\"image\":{\"@id\":\"https:\/\/vitahomelanzarote.com\/en\/legal-notice\/#primaryimage\"},\"thumbnailUrl\":\"https:\/\/vitahomelanzarote.com\/wp-content\/uploads\/2024\/10\/Favicon-Vitahome-512x512-1.png\",\"datePublished\":\"2024-11-21T09:40:28+00:00\",\"dateModified\":\"2024-11-26T08:46:09+00:00\",\"breadcrumb\":{\"@id\":\"https:\/\/vitahomelanzarote.com\/en\/legal-notice\/#breadcrumb\"},\"inLanguage\":\"en-US\",\"potentialAction\":[{\"@type\":\"ReadAction\",\"target\":[\"https:\/\/vitahomelanzarote.com\/en\/legal-notice\/\"]}]},{\"@type\":\"ImageObject\",\"inLanguage\":\"en-US\",\"@id\":\"https:\/\/vitahomelanzarote.com\/en\/legal-notice\/#primaryimage\",\"url\":\"https:\/\/vitahomelanzarote.com\/wp-content\/uploads\/2024\/10\/Favicon-Vitahome-512x512-1.png\",\"contentUrl\":\"https:\/\/vitahomelanzarote.com\/wp-content\/uploads\/2024\/10\/Favicon-Vitahome-512x512-1.png\",\"width\":512,\"height\":512},{\"@type\":\"BreadcrumbList\",\"@id\":\"https:\/\/vitahomelanzarote.com\/en\/legal-notice\/#breadcrumb\",\"itemListElement\":[{\"@type\":\"ListItem\",\"position\":1,\"name\":\"Home\",\"item\":\"https:\/\/vitahomelanzarote.com\/en\/home\/\"},{\"@type\":\"ListItem\",\"position\":2,\"name\":\"Legal Notice\"}]},{\"@type\":\"WebSite\",\"@id\":\"https:\/\/vitahomelanzarote.com\/en\/#website\",\"url\":\"https:\/\/vitahomelanzarote.com\/en\/\",\"name\":\"Vita Home\",\"description\":\"M\u00e1s que un alojamiento, tu hogar en el centro de Lanzarote\",\"potentialAction\":[{\"@type\":\"SearchAction\",\"target\":{\"@type\":\"EntryPoint\",\"urlTemplate\":\"https:\/\/vitahomelanzarote.com\/en\/?s={search_term_string}\"},\"query-input\":{\"@type\":\"PropertyValueSpecification\",\"valueRequired\":true,\"valueName\":\"search_term_string\"}}],\"inLanguage\":\"en-US\"}]}<\/script>\n<!-- \/ Yoast SEO plugin. -->","yoast_head_json":{"title":"Legal Notice - Vita Home","robots":{"index":"index","follow":"follow","max-snippet":"max-snippet:-1","max-image-preview":"max-image-preview:large","max-video-preview":"max-video-preview:-1"},"canonical":"https:\/\/vitahomelanzarote.com\/en\/legal-notice\/","og_locale":"en_US","og_type":"article","og_title":"Legal Notice - Vita Home","og_description":"Vita Home Legal Notice Identification of the owner of the website In accordance with the provisions of the Law on Information Society Services, HORMIGONES Y CONSTRUCCIONES ARRECIFE S.L., owner of the website www.lascaletasvillage.com, informs you that its company name is HORMIGONES Y CONSTRUCCIONES ARRECIFE S.L., with registered address at Pol\u00edgono Industrial Hormiconsa in Arrecife de [&hellip;]","og_url":"https:\/\/vitahomelanzarote.com\/en\/legal-notice\/","og_site_name":"Vita Home","article_modified_time":"2024-11-26T08:46:09+00:00","og_image":[{"width":512,"height":512,"url":"https:\/\/vitahomelanzarote.com\/wp-content\/uploads\/2024\/10\/Favicon-Vitahome-512x512-1.png","type":"image\/png"}],"twitter_card":"summary_large_image","twitter_misc":{"Est. reading time":"11 minutes"},"schema":{"@context":"https:\/\/schema.org","@graph":[{"@type":"WebPage","@id":"https:\/\/vitahomelanzarote.com\/en\/legal-notice\/","url":"https:\/\/vitahomelanzarote.com\/en\/legal-notice\/","name":"Legal Notice - Vita Home","isPartOf":{"@id":"https:\/\/vitahomelanzarote.com\/en\/#website"},"primaryImageOfPage":{"@id":"https:\/\/vitahomelanzarote.com\/en\/legal-notice\/#primaryimage"},"image":{"@id":"https:\/\/vitahomelanzarote.com\/en\/legal-notice\/#primaryimage"},"thumbnailUrl":"https:\/\/vitahomelanzarote.com\/wp-content\/uploads\/2024\/10\/Favicon-Vitahome-512x512-1.png","datePublished":"2024-11-21T09:40:28+00:00","dateModified":"2024-11-26T08:46:09+00:00","breadcrumb":{"@id":"https:\/\/vitahomelanzarote.com\/en\/legal-notice\/#breadcrumb"},"inLanguage":"en-US","potentialAction":[{"@type":"ReadAction","target":["https:\/\/vitahomelanzarote.com\/en\/legal-notice\/"]}]},{"@type":"ImageObject","inLanguage":"en-US","@id":"https:\/\/vitahomelanzarote.com\/en\/legal-notice\/#primaryimage","url":"https:\/\/vitahomelanzarote.com\/wp-content\/uploads\/2024\/10\/Favicon-Vitahome-512x512-1.png","contentUrl":"https:\/\/vitahomelanzarote.com\/wp-content\/uploads\/2024\/10\/Favicon-Vitahome-512x512-1.png","width":512,"height":512},{"@type":"BreadcrumbList","@id":"https:\/\/vitahomelanzarote.com\/en\/legal-notice\/#breadcrumb","itemListElement":[{"@type":"ListItem","position":1,"name":"Home","item":"https:\/\/vitahomelanzarote.com\/en\/home\/"},{"@type":"ListItem","position":2,"name":"Legal Notice"}]},{"@type":"WebSite","@id":"https:\/\/vitahomelanzarote.com\/en\/#website","url":"https:\/\/vitahomelanzarote.com\/en\/","name":"Vita Home","description":"M\u00e1s que un alojamiento, tu hogar en el centro de Lanzarote","potentialAction":[{"@type":"SearchAction","target":{"@type":"EntryPoint","urlTemplate":"https:\/\/vitahomelanzarote.com\/en\/?s={search_term_string}"},"query-input":{"@type":"PropertyValueSpecification","valueRequired":true,"valueName":"search_term_string"}}],"inLanguage":"en-US"}]}},"_links":{"self":[{"href":"https:\/\/vitahomelanzarote.com\/en\/wp-json\/wp\/v2\/pages\/3054","targetHints":{"allow":["GET"]}}],"collection":[{"href":"https:\/\/vitahomelanzarote.com\/en\/wp-json\/wp\/v2\/pages"}],"about":[{"href":"https:\/\/vitahomelanzarote.com\/en\/wp-json\/wp\/v2\/types\/page"}],"author":[{"embeddable":true,"href":"https:\/\/vitahomelanzarote.com\/en\/wp-json\/wp\/v2\/users\/1"}],"replies":[{"embeddable":true,"href":"https:\/\/vitahomelanzarote.com\/en\/wp-json\/wp\/v2\/comments?post=3054"}],"version-history":[{"count":3,"href":"https:\/\/vitahomelanzarote.com\/en\/wp-json\/wp\/v2\/pages\/3054\/revisions"}],"predecessor-version":[{"id":3712,"href":"https:\/\/vitahomelanzarote.com\/en\/wp-json\/wp\/v2\/pages\/3054\/revisions\/3712"}],"wp:featuredmedia":[{"embeddable":true,"href":"https:\/\/vitahomelanzarote.com\/en\/wp-json\/wp\/v2\/media\/3010"}],"wp:attachment":[{"href":"https:\/\/vitahomelanzarote.com\/en\/wp-json\/wp\/v2\/media?parent=3054"}],"curies":[{"name":"wp","href":"https:\/\/api.w.org\/{rel}","templated":true}]}}